{"id":536,"date":"2022-06-27T08:31:49","date_gmt":"2022-06-27T06:31:49","guid":{"rendered":"https:\/\/svl.flywheelsites.com\/privacy-policy\/"},"modified":"2023-01-02T14:21:36","modified_gmt":"2023-01-02T13:21:36","slug":"privacy-policy","status":"publish","type":"page","link":"https:\/\/svl.no\/se-no\/privacy-policy\/","title":{"rendered":"Personvern &#038; Cookies"},"content":{"rendered":"<h3>Innebygd innhold fra andre nettsteder<\/h3>\n<p>Artikler p\u00e5 denne siden kan inkludere innebygd innhold (f.eks. videoer, bilder, artikler osv.). Innebygd innhold fra andre nettsteder oppf\u00f8rer seg p\u00e5 n\u00f8yaktig samme m\u00e5te som om den bes\u00f8kende hadde bes\u00f8kt nettstedet som det innebygde innholdet kommer fra.<\/p>\n<p>Disse nettstedene kan samle inn opplysninger om deg, bruke informasjonskapsler, bygge inn sporingssystemer fra tredjeparter og overv\u00e5ke hva du gj\u00f8r via dette innebygde innholdet. Dette omfatter ogs\u00e5 sporing av handlingene dine via det innebygde innholdet dersom du har en konto og er logget inn p\u00e5 nettstedet.<\/p>\n<h3>Cookies fra Google<\/h3>\n<p>For \u00e5 forbedre nettstedet benytter vi Google Analytics og\/eller Google Tag Manager for \u00e5 enkelt kunne finne ut hvor trafikken p\u00e5 nettsiden kommer fra og g\u00e5r. Google Analytics bevarer informasjonskapsler i 26 m\u00e5neder.<\/p>\n<h3>Google analytics og Google tag manager cookies:<\/h3>\n<table>\n<tbody>\n<tr>\n<th>Cookie Name<\/th>\n<th style=\"width: 150px;\">Expiration Time<\/th>\n<th>Description<\/th>\n<\/tr>\n<tr>\n<td>_ga<\/td>\n<td>2 years<\/td>\n<td>Used to distinguish users.<\/td>\n<\/tr>\n<tr>\n<td>_gid<\/td>\n<td>24 hours<\/td>\n<td>Used to distinguish users.<\/td>\n<\/tr>\n<tr>\n<td>_gat<\/td>\n<td>1 minute<\/td>\n<td>Used to throttle request rate. If Google Analytics is deployed via Google Tag Manager, this cookie will be named\u00a0_dc_gtm_&lt;property-id&gt;.<\/td>\n<\/tr>\n<tr>\n<td>AMP_TOKEN<\/td>\n<td>30 seconds to 1 year<\/td>\n<td>Contains a token that can be used to retrieve a Client ID from AMP Client ID service. Other possible values indicate opt-out, inflight request or an error retrieving a Client ID from AMP Client ID service.<\/td>\n<\/tr>\n<tr>\n<td>_gac_&lt;property-id&gt;<\/td>\n<td>90 days<\/td>\n<td>Contains campaign related information for the user. If you have linked your Google Analytics and Google Ads accounts, Google Ads website conversion tags will read this cookie unless you opt-out.\u00a0 <a href=\"https:\/\/support.google.com\/google-ads\/answer\/7521212\">Learn more<\/a> .<\/td>\n<\/tr>\n<\/tbody>\n<\/table>\n<p>&nbsp;<\/p>\n<p>Ved \u00e5 benytte nettstedet og ha cookies aktivert i nettleseren godtar du disse vilk\u00e5rene.<\/p>\n","protected":false},"excerpt":{"rendered":"<p>Innebygd innhold fra andre nettsteder Artikler p\u00e5 denne siden kan inkludere innebygd innhold (f.eks. videoer, bilder, artikler osv.). Innebygd innhold fra andre nettsteder oppf\u00f8rer seg p\u00e5 n\u00f8yaktig samme m\u00e5te som [&hellip;]<\/p>\n","protected":false},"author":1,"featured_media":0,"parent":0,"menu_order":8,"comment_status":"closed","ping_status":"closed","template":"","meta":{"_acf_changed":false,"_price":"","_stock":"","_tribe_ticket_header":"","_tribe_default_ticket_provider":"","_tribe_ticket_capacity":"0","_ticket_start_date":"","_ticket_end_date":"","_tribe_ticket_show_description":"","_tribe_ticket_show_not_going":false,"_tribe_ticket_use_global_stock":"","_tribe_ticket_global_stock_level":"","_global_stock_mode":"","_global_stock_cap":"","_tribe_rsvp_for_event":"","_tribe_ticket_going_count":"","_tribe_ticket_not_going_count":"","_tribe_tickets_list":"[]","_tribe_ticket_has_attendee_info_fields":false,"footnotes":""},"class_list":["post-536","page","type-page","status-publish","hentry"],"acf":[],"_links":{"self":[{"href":"https:\/\/svl.no\/se-no\/wp-json\/wp\/v2\/pages\/536","targetHints":{"allow":["GET"]}}],"collection":[{"href":"https:\/\/svl.no\/se-no\/wp-json\/wp\/v2\/pages"}],"about":[{"href":"https:\/\/svl.no\/se-no\/wp-json\/wp\/v2\/types\/page"}],"author":[{"embeddable":true,"href":"https:\/\/svl.no\/se-no\/wp-json\/wp\/v2\/users\/1"}],"replies":[{"embeddable":true,"href":"https:\/\/svl.no\/se-no\/wp-json\/wp\/v2\/comments?post=536"}],"version-history":[{"count":0,"href":"https:\/\/svl.no\/se-no\/wp-json\/wp\/v2\/pages\/536\/revisions"}],"wp:attachment":[{"href":"https:\/\/svl.no\/se-no\/wp-json\/wp\/v2\/media?parent=536"}],"curies":[{"name":"wp","href":"https:\/\/api.w.org\/{rel}","templated":true}]}}